{"id":589,"date":"2021-04-17T10:15:57","date_gmt":"2021-04-17T08:15:57","guid":{"rendered":"https:\/\/www.gapexecutive.com\/?page_id=589"},"modified":"2023-02-21T13:56:16","modified_gmt":"2023-02-21T12:56:16","slug":"impressum-2","status":"publish","type":"page","link":"https:\/\/www.gapexecutive.com\/?page_id=589","title":{"rendered":"Impressum"},"content":{"rendered":"\t\t<div data-elementor-type=\"wp-page\" data-elementor-id=\"589\" class=\"elementor elementor-589\" data-elementor-post-type=\"page\">\n\t\t\t\t\t\t<section class=\"elementor-section elementor-top-section elementor-element elementor-element-d1736dd elementor-section-full_width elementor-section-height-default elementor-section-height-default\" data-id=\"d1736dd\" data-element_type=\"section\" data-e-type=\"section\" data-settings=\"{&quot;background_background&quot;:&quot;classic&quot;,&quot;sticky&quot;:&quot;top&quot;,&quot;sticky_on&quot;:[&quot;desktop&quot;,&quot;tablet&quot;,&quot;mobile&quot;],&quot;sticky_offset&quot;:0,&quot;sticky_effects_offset&quot;:0,&quot;sticky_anchor_link_offset&quot;:0}\">\n\t\t\t\t\t\t<div class=\"elementor-container elementor-column-gap-wide\">\n\t\t\t\t\t<div class=\"elementor-column elementor-col-33 elementor-top-column elementor-element elementor-element-5b9a377\" data-id=\"5b9a377\" data-element_type=\"column\" data-e-type=\"column\">\n\t\t\t<div class=\"elementor-widget-wrap elementor-element-populated\">\n\t\t\t\t\t\t<div class=\"elementor-element elementor-element-7f12158 elementor-view-default elementor-widget elementor-widget-icon\" data-id=\"7f12158\" data-element_type=\"widget\" data-e-type=\"widget\" data-widget_type=\"icon.default\">\n\t\t\t\t<div class=\"elementor-widget-container\">\n\t\t\t\t\t\t\t<div class=\"elementor-icon-wrapper\">\n\t\t\t<a class=\"elementor-icon\" href=\"https:\/\/www.gapexecutive.com\/\">\n\t\t\t<i aria-hidden=\"true\" class=\"fas fa-backward\"><\/i>\t\t\t<\/a>\n\t\t<\/div>\n\t\t\t\t\t\t<\/div>\n\t\t\t\t<\/div>\n\t\t\t\t\t<\/div>\n\t\t<\/div>\n\t\t\t\t<div class=\"elementor-column elementor-col-33 elementor-top-column elementor-element elementor-element-08f5dbc\" data-id=\"08f5dbc\" data-element_type=\"column\" data-e-type=\"column\">\n\t\t\t<div class=\"elementor-widget-wrap elementor-element-populated\">\n\t\t\t\t\t\t<div class=\"elementor-element elementor-element-198bc74 elementor-widget elementor-widget-image\" data-id=\"198bc74\" data-element_type=\"widget\" data-e-type=\"widget\" data-widget_type=\"image.default\">\n\t\t\t\t<div class=\"elementor-widget-container\">\n\t\t\t\t\t\t\t\t\t\t\t\t\t\t\t<img decoding=\"async\" width=\"200\" height=\"46\" src=\"https:\/\/www.gapexecutive.com\/wp-content\/uploads\/2021\/03\/gap_capital_executive_search_logo2.png\" class=\"attachment-full size-full wp-image-319\" alt=\"\" \/>\t\t\t\t\t\t\t\t\t\t\t\t\t\t\t<\/div>\n\t\t\t\t<\/div>\n\t\t\t\t\t<\/div>\n\t\t<\/div>\n\t\t\t\t<div class=\"elementor-column elementor-col-33 elementor-top-column elementor-element elementor-element-02ae7a2 elementor-hidden-phone\" data-id=\"02ae7a2\" data-element_type=\"column\" data-e-type=\"column\">\n\t\t\t<div class=\"elementor-widget-wrap elementor-element-populated\">\n\t\t\t\t\t\t<div class=\"elementor-element elementor-element-6ecd80e elementor-position-inline-end elementor-view-default elementor-mobile-position-block-start elementor-widget elementor-widget-icon-box\" data-id=\"6ecd80e\" data-element_type=\"widget\" data-e-type=\"widget\" data-widget_type=\"icon-box.default\">\n\t\t\t\t<div class=\"elementor-widget-container\">\n\t\t\t\t\t\t\t<div class=\"elementor-icon-box-wrapper\">\n\n\t\t\t\t\t\t<div class=\"elementor-icon-box-icon\">\n\t\t\t\t<span  class=\"elementor-icon\">\n\t\t\t\t<i aria-hidden=\"true\" class=\"fas fa-phone\"><\/i>\t\t\t\t<\/span>\n\t\t\t<\/div>\n\t\t\t\n\t\t\t\t\t\t<div class=\"elementor-icon-box-content\">\n\n\t\t\t\t\t\t\t\t\t<h3 class=\"elementor-icon-box-title\">\n\t\t\t\t\t\t<span  >\n\t\t\t\t\t\t\t+49 211 550 229 21\t\t\t\t\t\t<\/span>\n\t\t\t\t\t<\/h3>\n\t\t\t\t\n\t\t\t\t\n\t\t\t<\/div>\n\t\t\t\n\t\t<\/div>\n\t\t\t\t\t\t<\/div>\n\t\t\t\t<\/div>\n\t\t\t\t\t<\/div>\n\t\t<\/div>\n\t\t\t\t\t<\/div>\n\t\t<\/section>\n\t\t\t\t<section class=\"elementor-section elementor-top-section elementor-element elementor-element-a69af28 elementor-section-boxed elementor-section-height-default elementor-section-height-default\" data-id=\"a69af28\" data-element_type=\"section\" data-e-type=\"section\" data-settings=\"{&quot;background_background&quot;:&quot;classic&quot;}\">\n\t\t\t\t\t\t<div class=\"elementor-container elementor-column-gap-wider\">\n\t\t\t\t\t<div class=\"elementor-column elementor-col-100 elementor-top-column elementor-element elementor-element-3b4cf50\" data-id=\"3b4cf50\" data-element_type=\"column\" data-e-type=\"column\">\n\t\t\t<div class=\"elementor-widget-wrap elementor-element-populated\">\n\t\t\t\t\t\t<div class=\"elementor-element elementor-element-1f659bc elementor-widget elementor-widget-heading\" data-id=\"1f659bc\" data-element_type=\"widget\" data-e-type=\"widget\" data-widget_type=\"heading.default\">\n\t\t\t\t<div class=\"elementor-widget-container\">\n\t\t\t\t\t<h1 class=\"elementor-heading-title elementor-size-default\">ImPRESSUM<\/h1>\t\t\t\t<\/div>\n\t\t\t\t<\/div>\n\t\t\t\t<div class=\"elementor-element elementor-element-298c37e elementor-widget elementor-widget-text-editor\" data-id=\"298c37e\" data-element_type=\"widget\" data-e-type=\"widget\" data-widget_type=\"text-editor.default\">\n\t\t\t\t<div class=\"elementor-widget-container\">\n\t\t\t\t\t\t\t\t\t<p><strong>GAP CAPITAL EXECUTIVE SEARCH<\/strong><\/p><p>Eine Gesch\u00e4ftsdivision der GAP CONSULTING GmbH<\/p><p>Benratherstr. 10<br \/>40213 D\u00fcsseldorf<br \/>Tel: +49 211 56179993<\/p><p>Vertretungsberichtigter: Boris Luecke<br \/>Handelregisternummer: HRB77246,<br \/>Amtsgericht D\u00fcsseldorf<br \/>Ust-ID-Nr.: DE 30 52 26 087<\/p><p>Bei Fragen und Anregungen zum Inhalt der Website senden Sie uns bitte eine E-Mail an mail@gapexecutive.de<\/p>\t\t\t\t\t\t\t\t<\/div>\n\t\t\t\t<\/div>\n\t\t\t\t\t<\/div>\n\t\t<\/div>\n\t\t\t\t\t<\/div>\n\t\t<\/section>\n\t\t\t\t<\/div>\n\t\t","protected":false},"excerpt":{"rendered":"<p>+49 211 550 229 21 ImPRESSUM GAP CAPITAL EXECUTIVE SEARCH Eine Gesch\u00e4ftsdivision der GAP CONSULTING GmbH Benratherstr. 1040213 D\u00fcsseldorfTel: +49 211 56179993 Vertretungsberichtigter: Boris LueckeHandelregisternummer: HRB77246,Amtsgericht D\u00fcsseldorfUst-ID-Nr.: DE 30 52 26 087 Bei Fragen und Anregungen zum Inhalt der Website senden Sie uns bitte eine E-Mail an mail@gapexecutive.de<\/p>\n","protected":false},"author":1,"featured_media":0,"parent":0,"menu_order":0,"comment_status":"closed","ping_status":"closed","template":"elementor_canvas","meta":{"footnotes":""},"class_list":["post-589","page","type-page","status-publish","hentry"],"yoast_head":"<!-- This site is optimized with the Yoast SEO plugin v27.5 - https:\/\/yoast.com\/product\/yoast-seo-wordpress\/ -->\n<title>Impressum - gapexecutive<\/title>\n<meta name=\"robots\" content=\"index, follow, max-snippet:-1, max-image-preview:large, max-video-preview:-1\" \/>\n<link rel=\"canonical\" href=\"https:\/\/www.gapexecutive.com\/?page_id=589\" \/>\n<meta property=\"og:locale\" content=\"de_DE\" \/>\n<meta property=\"og:type\" content=\"article\" \/>\n<meta property=\"og:title\" content=\"Impressum - gapexecutive\" \/>\n<meta property=\"og:description\" content=\"+49 211 550 229 21 ImPRESSUM GAP CAPITAL EXECUTIVE SEARCH Eine Gesch\u00e4ftsdivision der GAP CONSULTING GmbH Benratherstr. 1040213 D\u00fcsseldorfTel: +49 211 56179993 Vertretungsberichtigter: Boris LueckeHandelregisternummer: HRB77246,Amtsgericht D\u00fcsseldorfUst-ID-Nr.: DE 30 52 26 087 Bei Fragen und Anregungen zum Inhalt der Website senden Sie uns bitte eine E-Mail an mail@gapexecutive.de\" \/>\n<meta property=\"og:url\" content=\"https:\/\/www.gapexecutive.com\/?page_id=589\" \/>\n<meta property=\"og:site_name\" content=\"gapexecutive\" \/>\n<meta property=\"article:modified_time\" content=\"2023-02-21T12:56:16+00:00\" \/>\n<meta property=\"og:image\" content=\"https:\/\/www.gapexecutive.com\/wp-content\/uploads\/2021\/03\/gap_capital_executive_search_logo2.png\" \/>\n<meta name=\"twitter:card\" content=\"summary_large_image\" \/>\n<meta name=\"twitter:label1\" content=\"Gesch\u00e4tzte Lesezeit\" \/>\n\t<meta name=\"twitter:data1\" content=\"1\u00a0Minute\" \/>\n<script type=\"application\/ld+json\" class=\"yoast-schema-graph\">{\"@context\":\"https:\\\/\\\/schema.org\",\"@graph\":[{\"@type\":\"WebPage\",\"@id\":\"https:\\\/\\\/www.gapexecutive.com\\\/?page_id=589\",\"url\":\"https:\\\/\\\/www.gapexecutive.com\\\/?page_id=589\",\"name\":\"Impressum - gapexecutive\",\"isPartOf\":{\"@id\":\"https:\\\/\\\/www.gapexecutive.com\\\/#website\"},\"primaryImageOfPage\":{\"@id\":\"https:\\\/\\\/www.gapexecutive.com\\\/?page_id=589#primaryimage\"},\"image\":{\"@id\":\"https:\\\/\\\/www.gapexecutive.com\\\/?page_id=589#primaryimage\"},\"thumbnailUrl\":\"https:\\\/\\\/www.gapexecutive.com\\\/wp-content\\\/uploads\\\/2021\\\/03\\\/gap_capital_executive_search_logo2.png\",\"datePublished\":\"2021-04-17T08:15:57+00:00\",\"dateModified\":\"2023-02-21T12:56:16+00:00\",\"breadcrumb\":{\"@id\":\"https:\\\/\\\/www.gapexecutive.com\\\/?page_id=589#breadcrumb\"},\"inLanguage\":\"de\",\"potentialAction\":[{\"@type\":\"ReadAction\",\"target\":[\"https:\\\/\\\/www.gapexecutive.com\\\/?page_id=589\"]}]},{\"@type\":\"ImageObject\",\"inLanguage\":\"de\",\"@id\":\"https:\\\/\\\/www.gapexecutive.com\\\/?page_id=589#primaryimage\",\"url\":\"https:\\\/\\\/www.gapexecutive.com\\\/wp-content\\\/uploads\\\/2021\\\/03\\\/gap_capital_executive_search_logo2.png\",\"contentUrl\":\"https:\\\/\\\/www.gapexecutive.com\\\/wp-content\\\/uploads\\\/2021\\\/03\\\/gap_capital_executive_search_logo2.png\",\"width\":200,\"height\":46},{\"@type\":\"BreadcrumbList\",\"@id\":\"https:\\\/\\\/www.gapexecutive.com\\\/?page_id=589#breadcrumb\",\"itemListElement\":[{\"@type\":\"ListItem\",\"position\":1,\"name\":\"Startseite\",\"item\":\"https:\\\/\\\/www.gapexecutive.com\\\/\"},{\"@type\":\"ListItem\",\"position\":2,\"name\":\"Impressum\"}]},{\"@type\":\"WebSite\",\"@id\":\"https:\\\/\\\/www.gapexecutive.com\\\/#website\",\"url\":\"https:\\\/\\\/www.gapexecutive.com\\\/\",\"name\":\"gapexecutive\",\"description\":\"Eine weitere WordPress-Website\",\"potentialAction\":[{\"@type\":\"SearchAction\",\"target\":{\"@type\":\"EntryPoint\",\"urlTemplate\":\"https:\\\/\\\/www.gapexecutive.com\\\/?s={search_term_string}\"},\"query-input\":{\"@type\":\"PropertyValueSpecification\",\"valueRequired\":true,\"valueName\":\"search_term_string\"}}],\"inLanguage\":\"de\"}]}<\/script>\n<!-- \/ Yoast SEO plugin. -->","yoast_head_json":{"title":"Impressum - gapexecutive","robots":{"index":"index","follow":"follow","max-snippet":"max-snippet:-1","max-image-preview":"max-image-preview:large","max-video-preview":"max-video-preview:-1"},"canonical":"https:\/\/www.gapexecutive.com\/?page_id=589","og_locale":"de_DE","og_type":"article","og_title":"Impressum - gapexecutive","og_description":"+49 211 550 229 21 ImPRESSUM GAP CAPITAL EXECUTIVE SEARCH Eine Gesch\u00e4ftsdivision der GAP CONSULTING GmbH Benratherstr. 1040213 D\u00fcsseldorfTel: +49 211 56179993 Vertretungsberichtigter: Boris LueckeHandelregisternummer: HRB77246,Amtsgericht D\u00fcsseldorfUst-ID-Nr.: DE 30 52 26 087 Bei Fragen und Anregungen zum Inhalt der Website senden Sie uns bitte eine E-Mail an mail@gapexecutive.de","og_url":"https:\/\/www.gapexecutive.com\/?page_id=589","og_site_name":"gapexecutive","article_modified_time":"2023-02-21T12:56:16+00:00","og_image":[{"url":"https:\/\/www.gapexecutive.com\/wp-content\/uploads\/2021\/03\/gap_capital_executive_search_logo2.png","type":"","width":"","height":""}],"twitter_card":"summary_large_image","twitter_misc":{"Gesch\u00e4tzte Lesezeit":"1\u00a0Minute"},"schema":{"@context":"https:\/\/schema.org","@graph":[{"@type":"WebPage","@id":"https:\/\/www.gapexecutive.com\/?page_id=589","url":"https:\/\/www.gapexecutive.com\/?page_id=589","name":"Impressum - gapexecutive","isPartOf":{"@id":"https:\/\/www.gapexecutive.com\/#website"},"primaryImageOfPage":{"@id":"https:\/\/www.gapexecutive.com\/?page_id=589#primaryimage"},"image":{"@id":"https:\/\/www.gapexecutive.com\/?page_id=589#primaryimage"},"thumbnailUrl":"https:\/\/www.gapexecutive.com\/wp-content\/uploads\/2021\/03\/gap_capital_executive_search_logo2.png","datePublished":"2021-04-17T08:15:57+00:00","dateModified":"2023-02-21T12:56:16+00:00","breadcrumb":{"@id":"https:\/\/www.gapexecutive.com\/?page_id=589#breadcrumb"},"inLanguage":"de","potentialAction":[{"@type":"ReadAction","target":["https:\/\/www.gapexecutive.com\/?page_id=589"]}]},{"@type":"ImageObject","inLanguage":"de","@id":"https:\/\/www.gapexecutive.com\/?page_id=589#primaryimage","url":"https:\/\/www.gapexecutive.com\/wp-content\/uploads\/2021\/03\/gap_capital_executive_search_logo2.png","contentUrl":"https:\/\/www.gapexecutive.com\/wp-content\/uploads\/2021\/03\/gap_capital_executive_search_logo2.png","width":200,"height":46},{"@type":"BreadcrumbList","@id":"https:\/\/www.gapexecutive.com\/?page_id=589#breadcrumb","itemListElement":[{"@type":"ListItem","position":1,"name":"Startseite","item":"https:\/\/www.gapexecutive.com\/"},{"@type":"ListItem","position":2,"name":"Impressum"}]},{"@type":"WebSite","@id":"https:\/\/www.gapexecutive.com\/#website","url":"https:\/\/www.gapexecutive.com\/","name":"gapexecutive","description":"Eine weitere WordPress-Website","potentialAction":[{"@type":"SearchAction","target":{"@type":"EntryPoint","urlTemplate":"https:\/\/www.gapexecutive.com\/?s={search_term_string}"},"query-input":{"@type":"PropertyValueSpecification","valueRequired":true,"valueName":"search_term_string"}}],"inLanguage":"de"}]}},"_links":{"self":[{"href":"https:\/\/www.gapexecutive.com\/index.php?rest_route=\/wp\/v2\/pages\/589","targetHints":{"allow":["GET"]}}],"collection":[{"href":"https:\/\/www.gapexecutive.com\/index.php?rest_route=\/wp\/v2\/pages"}],"about":[{"href":"https:\/\/www.gapexecutive.com\/index.php?rest_route=\/wp\/v2\/types\/page"}],"author":[{"embeddable":true,"href":"https:\/\/www.gapexecutive.com\/index.php?rest_route=\/wp\/v2\/users\/1"}],"replies":[{"embeddable":true,"href":"https:\/\/www.gapexecutive.com\/index.php?rest_route=%2Fwp%2Fv2%2Fcomments&post=589"}],"version-history":[{"count":16,"href":"https:\/\/www.gapexecutive.com\/index.php?rest_route=\/wp\/v2\/pages\/589\/revisions"}],"predecessor-version":[{"id":732,"href":"https:\/\/www.gapexecutive.com\/index.php?rest_route=\/wp\/v2\/pages\/589\/revisions\/732"}],"wp:attachment":[{"href":"https:\/\/www.gapexecutive.com\/index.php?rest_route=%2Fwp%2Fv2%2Fmedia&parent=589"}],"curies":[{"name":"wp","href":"https:\/\/api.w.org\/{rel}","templated":true}]}}